{"id":20,"date":"2025-10-11T15:52:00","date_gmt":"2025-10-11T13:52:00","guid":{"rendered":"http:\/\/mireiaarinyo.com\/?page_id=20"},"modified":"2025-12-11T16:34:42","modified_gmt":"2025-12-11T15:34:42","slug":"acerca-de","status":"publish","type":"page","link":"https:\/\/mireiaarinyo.com\/?page_id=20","title":{"rendered":"Acerca de \/ Presentaci\u00f3n"},"content":{"rendered":"\n<div class=\"wp-block-cover alignfull is-light has-parallax wp-duotone-36345d-abaaaa-1\" style=\"margin-top:0;padding-top:5vw;padding-right:5vw;padding-bottom:5vw;padding-left:5vw;min-height:100vh;aspect-ratio:unset;\"><div class=\"wp-block-cover__image-background wp-image-65 size-large has-parallax\" style=\"background-position:50% 50%;background-image:url(https:\/\/mireiaarinyo.com\/wp-content\/uploads\/2023\/11\/IMG-20251210-WA0010-1024x473.jpg)\"><\/div><span aria-hidden=\"true\" class=\"wp-block-cover__background has-background-dim-60 has-background-dim\" style=\"background-color:#c2b7a4\"><\/span><div class=\"wp-block-cover__inner-container is-layout-flow wp-block-cover-is-layout-flow\">\n<div style=\"height:48px\" aria-hidden=\"true\" class=\"wp-block-spacer\"><\/div>\n\n\n\n<div class=\"wp-block-group is-vertical is-content-justification-center is-nowrap is-layout-flex wp-container-core-group-is-layout-b77dfac5 wp-block-group-is-layout-flex\">\n<p class=\"has-text-align-right has-text-color\" style=\"color:#c8c4d3;font-size:clamp(39.963px, 2.498rem + ((1vw - 3.2px) * 3.981), 75px);font-style:normal;font-weight:300;letter-spacing:-4px;line-height:0.8;text-transform:uppercase\">Mireia Ari\u00f1o<\/p>\n\n\n\n<p class=\"has-text-align-right has-text-color\" style=\"color:#444178;font-size:clamp(39.963px, 2.498rem + ((1vw - 3.2px) * 3.981), 75px);font-style:normal;font-weight:300;letter-spacing:-4px;line-height:0.8;text-transform:uppercase\">Blog de obras<\/p>\n<\/div>\n<\/div><\/div>\n\n\n\n\n\n<p>Soy Mireia Xu Ari\u00f1o y en esta p\u00e1gina web se encuentran mis creaciones art\u00edsticas de cer\u00e1mica y de pintura. Son obras que han marcado un camino en mi vida, en diferentes etapas en las que las he ido creciendo y aumentando mi creatividad. A medida que he ido creando mis piezas, he aprendido nuevas t\u00e9cnicas y he tenido la oportunidad de experimentar con los diferentes tipos de pigmentos utilizados tanto en pintura como en cer\u00e1mica. Todo esto me ha hecho entender la importancia que tiene el arte en nuestras vidas, y en mi caso, he utilizado el arte para reflejar mis sentimientos.<\/p>\n\n\n\n<p>He decidido exponer mis piezas al p\u00fablico en esta p\u00e1gina web, mostrando mi arte para inspirar a otros artistas. Adem\u00e1s, tendr\u00e9 mis obras organizadas, pudiendo visualizar mi evoluci\u00f3n durante los a\u00f1os, y de esta forma realizar\u00e9 una visualizaci\u00f3n de los colores, t\u00e9cnica, estilo&#8230; que he utilizado m\u00e1s en mis obras.<\/p>\n\n\n\n<p>Agradecer\u00e9 todos los comentarios que quer\u00e1is hacerme, y no descarto que esta p\u00e1gina de web, se convierta en un lugar de venta, d\u00f3nde adem\u00e1s de poder visualizar mis obras, podr\u00e9is tener la pieza en el lugar que quer\u00e1is y utilizarla para el uso que le quer\u00e1is dar. <\/p>\n\n\n\n<p>Gracias por entrar en mi rinc\u00f3n.<\/p>\n\n\n\n<p><\/p>\n","protected":false},"excerpt":{"rendered":"<p>Soy Mireia Xu Ari\u00f1o y en esta p\u00e1gina web se encuentran mis creaciones art\u00edsticas de cer\u00e1mica y de pintura. Son obras que han marcado un camino en mi vida, en diferentes etapas en las que las he ido creciendo y aumentando mi creatividad. A medida que he ido creando mis piezas, he aprendido nuevas t\u00e9cnicas [&hellip;]<\/p>\n","protected":false},"author":4,"featured_media":0,"parent":0,"menu_order":0,"comment_status":"open","ping_status":"closed","template":"","meta":{"site-container-style":"default","site-container-layout":"default","site-sidebar-layout":"default","disable-article-header":"default","disable-site-header":"default","disable-site-footer":"default","disable-content-area-spacing":"default","footnotes":""},"class_list":["post-20","page","type-page","status-publish","hentry"],"_links":{"self":[{"href":"https:\/\/mireiaarinyo.com\/index.php?rest_route=\/wp\/v2\/pages\/20","targetHints":{"allow":["GET"]}}],"collection":[{"href":"https:\/\/mireiaarinyo.com\/index.php?rest_route=\/wp\/v2\/pages"}],"about":[{"href":"https:\/\/mireiaarinyo.com\/index.php?rest_route=\/wp\/v2\/types\/page"}],"author":[{"embeddable":true,"href":"https:\/\/mireiaarinyo.com\/index.php?rest_route=\/wp\/v2\/users\/4"}],"replies":[{"embeddable":true,"href":"https:\/\/mireiaarinyo.com\/index.php?rest_route=%2Fwp%2Fv2%2Fcomments&post=20"}],"version-history":[{"count":7,"href":"https:\/\/mireiaarinyo.com\/index.php?rest_route=\/wp\/v2\/pages\/20\/revisions"}],"predecessor-version":[{"id":177,"href":"https:\/\/mireiaarinyo.com\/index.php?rest_route=\/wp\/v2\/pages\/20\/revisions\/177"}],"wp:attachment":[{"href":"https:\/\/mireiaarinyo.com\/index.php?rest_route=%2Fwp%2Fv2%2Fmedia&parent=20"}],"curies":[{"name":"wp","href":"https:\/\/api.w.org\/{rel}","templated":true}]}}