{"id":22,"date":"2024-01-11T15:52:07","date_gmt":"2024-01-11T14:52:07","guid":{"rendered":"http:\/\/mireiaarinyo.com\/?page_id=22"},"modified":"2025-12-11T12:51:20","modified_gmt":"2025-12-11T11:51:20","slug":"blog","status":"publish","type":"page","link":"https:\/\/mireiaarinyo.com\/?page_id=22","title":{"rendered":"Tienda"},"content":{"rendered":"\n<p>La tienda estar\u00e1 disponible m\u00e1s adelante. Gracias por tu inter\u00e9s.<\/p>\n\n\n\n<p><\/p>\n","protected":false},"excerpt":{"rendered":"<p>La tienda estar\u00e1 disponible m\u00e1s adelante. Gracias por tu inter\u00e9s.<\/p>\n","protected":false},"author":4,"featured_media":56,"parent":0,"menu_order":0,"comment_status":"open","ping_status":"closed","template":"","meta":{"site-container-style":"default","site-container-layout":"default","site-sidebar-layout":"default","disable-article-header":"default","disable-site-header":"default","disable-site-footer":"default","disable-content-area-spacing":"default","footnotes":""},"class_list":["post-22","page","type-page","status-publish","has-post-thumbnail","hentry"],"_links":{"self":[{"href":"https:\/\/mireiaarinyo.com\/index.php?rest_route=\/wp\/v2\/pages\/22","targetHints":{"allow":["GET"]}}],"collection":[{"href":"https:\/\/mireiaarinyo.com\/index.php?rest_route=\/wp\/v2\/pages"}],"about":[{"href":"https:\/\/mireiaarinyo.com\/index.php?rest_route=\/wp\/v2\/types\/page"}],"author":[{"embeddable":true,"href":"https:\/\/mireiaarinyo.com\/index.php?rest_route=\/wp\/v2\/users\/4"}],"replies":[{"embeddable":true,"href":"https:\/\/mireiaarinyo.com\/index.php?rest_route=%2Fwp%2Fv2%2Fcomments&post=22"}],"version-history":[{"count":2,"href":"https:\/\/mireiaarinyo.com\/index.php?rest_route=\/wp\/v2\/pages\/22\/revisions"}],"predecessor-version":[{"id":135,"href":"https:\/\/mireiaarinyo.com\/index.php?rest_route=\/wp\/v2\/pages\/22\/revisions\/135"}],"wp:featuredmedia":[{"embeddable":true,"href":"https:\/\/mireiaarinyo.com\/index.php?rest_route=\/wp\/v2\/media\/56"}],"wp:attachment":[{"href":"https:\/\/mireiaarinyo.com\/index.php?rest_route=%2Fwp%2Fv2%2Fmedia&parent=22"}],"curies":[{"name":"wp","href":"https:\/\/api.w.org\/{rel}","templated":true}]}}